{"id":7545,"date":"2022-02-04T11:40:18","date_gmt":"2022-02-04T11:40:18","guid":{"rendered":"http:\/\/test.ong3asc.org\/\/?page_id=7545"},"modified":"2026-02-13T10:54:06","modified_gmt":"2026-02-13T10:54:06","slug":"services","status":"publish","type":"page","link":"https:\/\/test.ong3asc.org\/en\/services\/","title":{"rendered":"Services"},"content":{"rendered":"<div data-elementor-type=\"wp-page\" data-elementor-id=\"7545\" class=\"elementor elementor-7545\">\n\t\t\t\t\t\t<section class=\"elementor-section elementor-top-section elementor-element elementor-element-5059f1e elementor-section-boxed elementor-section-height-default elementor-section-height-default rt-parallax-bg-no\" data-id=\"5059f1e\" data-element_type=\"section\" data-e-type=\"section\" data-settings=\"{&quot;background_background&quot;:&quot;classic&quot;}\">\n\t\t\t\t\t\t<div class=\"elementor-container elementor-column-gap-default\">\n\t\t\t\t\t<div class=\"elementor-column elementor-col-100 elementor-top-column elementor-element elementor-element-175f54b\" data-id=\"175f54b\" data-element_type=\"column\" data-e-type=\"column\">\n\t\t\t<div class=\"elementor-widget-wrap elementor-element-populated\">\n\t\t\t\t\t\t<section class=\"elementor-section elementor-inner-section elementor-element elementor-element-a4c5d3c elementor-section-boxed elementor-section-height-default elementor-section-height-default rt-parallax-bg-no\" data-id=\"a4c5d3c\" data-element_type=\"section\" data-e-type=\"section\">\n\t\t\t\t\t\t<div class=\"elementor-container elementor-column-gap-default\">\n\t\t\t\t\t<div class=\"elementor-column elementor-col-50 elementor-inner-column elementor-element elementor-element-f0e76a8\" data-id=\"f0e76a8\" data-element_type=\"column\" data-e-type=\"column\">\n\t\t\t<div class=\"elementor-widget-wrap elementor-element-populated\">\n\t\t\t\t\t\t<div class=\"elementor-element elementor-element-4f89843 elementor-widget elementor-widget-rt-text-with-button\" data-id=\"4f89843\" data-element_type=\"widget\" data-e-type=\"widget\" data-widget_type=\"rt-text-with-button.default\">\n\t\t\t\t<div class=\"elementor-widget-container\">\n\t\t\t\t\t<div class=\"title-text-button barshow text-style1\">\n\t\n\t\t\t<h4 class=\"subtitle style2\">OUR SERVICES<span class=\"title-bar1\"><\/span><span class=\"title-bar2\"><\/span><\/h4>\n\t\t\t\t<h2 class=\"section-title\">Vessel and faculties surveys          \n\/ Damage report                         \n<\/h2>\t<div class=\"section-content\"><\/div>\n\t<\/div>\t\t\t\t<\/div>\n\t\t\t\t<\/div>\n\t\t\t\t\t<\/div>\n\t\t<\/div>\n\t\t\t\t<div class=\"elementor-column elementor-col-50 elementor-inner-column elementor-element elementor-element-707b279\" data-id=\"707b279\" data-element_type=\"column\" data-e-type=\"column\">\n\t\t\t<div class=\"elementor-widget-wrap elementor-element-populated\">\n\t\t\t\t\t\t<div class=\"elementor-element elementor-element-0f80ca6 elementor-widget elementor-widget-text-editor\" data-id=\"0f80ca6\" data-element_type=\"widget\" data-e-type=\"widget\" data-widget_type=\"text-editor.default\">\n\t\t\t\t<div class=\"elementor-widget-container\">\n\t\t\t\t\t\t\t\t\t<p>Backed by the experience of its team of experts and advisors, AMCS is proud to offer you the best possible support for your marine survey and recourse operations against a liable third party.<\/p>\t\t\t\t\t\t\t\t<\/div>\n\t\t\t\t<\/div>\n\t\t\t\t\t<\/div>\n\t\t<\/div>\n\t\t\t\t\t<\/div>\n\t\t<\/section>\n\t\t\t\t<section class=\"elementor-section elementor-inner-section elementor-element elementor-element-92ba6bd elementor-section-boxed elementor-section-height-default elementor-section-height-default rt-parallax-bg-no\" data-id=\"92ba6bd\" data-element_type=\"section\" data-e-type=\"section\">\n\t\t\t\t\t\t<div class=\"elementor-container elementor-column-gap-default\">\n\t\t\t\t\t<div class=\"elementor-column elementor-col-100 elementor-inner-column elementor-element elementor-element-2dd36d6\" data-id=\"2dd36d6\" data-element_type=\"column\" data-e-type=\"column\">\n\t\t\t<div class=\"elementor-widget-wrap elementor-element-populated\">\n\t\t\t\t\t\t<div class=\"elementor-element elementor-element-a6218e3 elementor-invisible elementor-widget elementor-widget-rt-service\" data-id=\"a6218e3\" data-element_type=\"widget\" data-e-type=\"widget\" data-widget_type=\"rt-service.default\">\n\t\t\t\t<div class=\"elementor-widget-container\">\n\t\t\t\t\t<div class=\"service-default service-layout4 service-grid-layout4\">\n\t<div class=\"row\">\t\n\t\t\t\t<div class=\"col-xl-4 col-lg-4 col-md-6 col-sm-12 col-12\">\n\t\t\t<div class=\"service-item rt-animate wow fadeInUp\" data-wow-delay=\"0.2s\" data-wow-duration=\"0.8s\">\n\t\t\t\t<div class=\"service-box-content\">\n\t\t\t\t\t<div class=\"service-figure\" >\n                        <img fetchpriority=\"high\" decoding=\"async\" width=\"570\" height=\"400\" src=\"https:\/\/test.ong3asc.org\/wp-content\/uploads\/2022\/08\/Fac-570x400.jpg\" class=\"img-fluid  width-100 wp-post-image\" alt=\"\" \/>\t\t\t\t\t<\/div>\n                    <div class=\"service-content\">\n                                                                                                                    <div class=\"icon\">\n                                    <i class=\"flaticon-lightbulb\"><\/i>\n                                <\/div>\n                                                                                                        <div class=\"service-info\">\n                            <h3 class=\"service-title\"><a href=\"https:\/\/test.ong3asc.org\/en\/?p=520\">FACULTIES EXPERTISE<\/a><\/h3>\n                                                            <p>EXPERTISE CORPS DE NAVIRE ET FACULTES AMCS intervient pour toutes expertises corps du navire et<\/p>\n                                                                                <\/div>\n\t\t\t\t\t<\/div>\n\t\t\t\t<\/div>\n\t\t\t<\/div>\n\t\t<\/div>\n\t\t\t\t<div class=\"col-xl-4 col-lg-4 col-md-6 col-sm-12 col-12\">\n\t\t\t<div class=\"service-item rt-animate wow fadeInUp\" data-wow-delay=\"0.4s\" data-wow-duration=\"0.8s\">\n\t\t\t\t<div class=\"service-box-content\">\n\t\t\t\t\t<div class=\"service-figure\" >\n                        <img decoding=\"async\" width=\"570\" height=\"447\" src=\"https:\/\/test.ong3asc.org\/wp-content\/uploads\/2021\/10\/IMG_0919-570x447.jpg\" class=\"img-fluid  width-100 wp-post-image\" alt=\"\" \/>\t\t\t\t\t<\/div>\n                    <div class=\"service-content\">\n                                                                                                                    <div class=\"icon\">\n                                    <i class=\"fa fa-check-circle\"><\/i>\n                                <\/div>\n                                                                                                        <div class=\"service-info\">\n                            <h3 class=\"service-title\"><a href=\"https:\/\/test.ong3asc.org\/en\/?p=519\">INSPECTION CONTROL AND MONITORING<\/a><\/h3>\n                                                            <p>INSPECTION CONTR\u00d4LE ET SURVEILLANCE CONTROLE &amp; SURVEILLANCE Nous supervisons toutes vos op\u00e9rations de chargement et<\/p>\n                                                                                <\/div>\n\t\t\t\t\t<\/div>\n\t\t\t\t<\/div>\n\t\t\t<\/div>\n\t\t<\/div>\n\t\t\t\t<div class=\"col-xl-4 col-lg-4 col-md-6 col-sm-12 col-12\">\n\t\t\t<div class=\"service-item rt-animate wow fadeInUp\" data-wow-delay=\"0.6s\" data-wow-duration=\"0.8s\">\n\t\t\t\t<div class=\"service-box-content\">\n\t\t\t\t\t<div class=\"service-figure\" >\n                        <img decoding=\"async\" width=\"570\" height=\"447\" src=\"https:\/\/test.ong3asc.org\/wp-content\/uploads\/2021\/10\/contentieux-570x447.jpg\" class=\"img-fluid  width-100 wp-post-image\" alt=\"\" \/>\t\t\t\t\t<\/div>\n                    <div class=\"service-content\">\n                                                                                                                    <div class=\"icon\">\n                                    <i class=\"fa fa-clipboard\"><\/i>\n                                <\/div>\n                                                                                                        <div class=\"service-info\">\n                            <h3 class=\"service-title\"><a href=\"https:\/\/test.ong3asc.org\/en\/?p=517\">PREVENTION OF LITIGATION AND RECOURSE AGAINST LIABLE THIRD PARTIES<\/a><\/h3>\n                                                            <p>PR\u00c9VENTION DES CONTENTIEUX ET RECOURS CONTRE TIERS RESPONSABLE Nous vous apportons une assistance tout au<\/p>\n                                                                                <\/div>\n\t\t\t\t\t<\/div>\n\t\t\t\t<\/div>\n\t\t\t<\/div>\n\t\t<\/div>\n\t\t\t\t<\/div>\n\t\t\t\t\t\t\t\t\t\t\n\t\t<\/div>\t\t\t\t<\/div>\n\t\t\t\t<\/div>\n\t\t\t\t\t<\/div>\n\t\t<\/div>\n\t\t\t\t\t<\/div>\n\t\t<\/section>\n\t\t\t\t\t<\/div>\n\t\t<\/div>\n\t\t\t\t\t<\/div>\n\t\t<\/section>\n\t\t\t\t<\/div>","protected":false},"excerpt":{"rendered":"<p>NOS PRESTATIONS Expertises corps de navire et facult\u00e9s \/ Commissariat d&rsquo;avaries Fort de l&rsquo;exp\u00e9rience de son \u00e9quipe d&rsquo;experts et de conseillers, AMCS est fier de vous offrir le meilleur accompagnement lors de vos op\u00e9rations d&rsquo;expertise maritime et de recours contre un tiers responsable. EXPERTISE CORPS ET FACULTES EXPERTISE CORPS DE NAVIRE ET FACULTES AMCS intervient [&hellip;]<\/p>\n","protected":false},"author":1,"featured_media":0,"parent":0,"menu_order":0,"comment_status":"closed","ping_status":"closed","template":"elementor_header_footer","meta":{"footnotes":""},"class_list":["post-7545","page","type-page","status-publish","hentry"],"_links":{"self":[{"href":"https:\/\/test.ong3asc.org\/en\/wp-json\/wp\/v2\/pages\/7545","targetHints":{"allow":["GET"]}}],"collection":[{"href":"https:\/\/test.ong3asc.org\/en\/wp-json\/wp\/v2\/pages"}],"about":[{"href":"https:\/\/test.ong3asc.org\/en\/wp-json\/wp\/v2\/types\/page"}],"author":[{"embeddable":true,"href":"https:\/\/test.ong3asc.org\/en\/wp-json\/wp\/v2\/users\/1"}],"replies":[{"embeddable":true,"href":"https:\/\/test.ong3asc.org\/en\/wp-json\/wp\/v2\/comments?post=7545"}],"version-history":[{"count":23,"href":"https:\/\/test.ong3asc.org\/en\/wp-json\/wp\/v2\/pages\/7545\/revisions"}],"predecessor-version":[{"id":25167,"href":"https:\/\/test.ong3asc.org\/en\/wp-json\/wp\/v2\/pages\/7545\/revisions\/25167"}],"wp:attachment":[{"href":"https:\/\/test.ong3asc.org\/en\/wp-json\/wp\/v2\/media?parent=7545"}],"curies":[{"name":"wp","href":"https:\/\/api.w.org\/{rel}","templated":true}]}}