{"id":4635,"date":"2021-11-18T10:38:05","date_gmt":"2021-11-18T10:38:05","guid":{"rendered":"test.ong3asc.org\/\/?page_id=4635"},"modified":"2025-05-13T20:01:18","modified_gmt":"2025-05-13T20:01:18","slug":"contact","status":"publish","type":"page","link":"https:\/\/test.ong3asc.org\/en\/contact\/","title":{"rendered":"Contact"},"content":{"rendered":"<div data-elementor-type=\"wp-page\" data-elementor-id=\"4635\" class=\"elementor elementor-4635\">\n\t\t\t\t\t\t<section class=\"elementor-section elementor-top-section elementor-element elementor-element-e0e04cc elementor-section-boxed elementor-section-height-default elementor-section-height-default rt-parallax-bg-no\" data-id=\"e0e04cc\" data-element_type=\"section\" data-e-type=\"section\">\n\t\t\t\t\t\t<div class=\"elementor-container elementor-column-gap-default\">\n\t\t\t\t\t<div class=\"elementor-column elementor-col-100 elementor-top-column elementor-element elementor-element-1873f8c\" data-id=\"1873f8c\" data-element_type=\"column\" data-e-type=\"column\">\n\t\t\t<div class=\"elementor-widget-wrap elementor-element-populated\">\n\t\t\t\t\t\t<section class=\"elementor-section elementor-inner-section elementor-element elementor-element-e97e222 elementor-section-boxed elementor-section-height-default elementor-section-height-default rt-parallax-bg-no\" data-id=\"e97e222\" data-element_type=\"section\" data-e-type=\"section\">\n\t\t\t\t\t\t<div class=\"elementor-container elementor-column-gap-default\">\n\t\t\t\t\t<div class=\"elementor-column elementor-col-33 elementor-inner-column elementor-element elementor-element-7cef8b1\" data-id=\"7cef8b1\" data-element_type=\"column\" data-e-type=\"column\">\n\t\t\t<div class=\"elementor-widget-wrap elementor-element-populated\">\n\t\t\t\t\t\t<div class=\"elementor-element elementor-element-9c2e143 elementor-widget elementor-widget-rt-info\" data-id=\"9c2e143\" data-element_type=\"widget\" data-e-type=\"widget\" data-widget_type=\"rt-info.default\">\n\t\t\t\t<div class=\"elementor-widget-container\">\n\t\t\t\t\t<div class=\"contact-info-default info-style2\">\n\t<div class=\"contact-info\">\n\t\t<div class=\"contact-icon\">\n\t\t\t\t\t\t\t<span class=\"rtin-icon\"><i class=\"fas fa-envelope\"><\/i><\/span>\n\t\t\t\t\t<\/div>\n\t\t\t\t\t<h2 class=\"contact-title\">E-mail for information<\/h2>\n\t\t\t\t  \n\t\t\t\t\t\t\t\t\t\t\t<div class=\"list-item\">\n\t\t\t\t\t\t\t\t\t\t<div class=\"list-content\">\n\t\t\t\t\t\t<span>\n\t\t\t\t\t\t\t\t\t\t\t\t\t\t\t<a href=\"mailto:info@ong3asc.org\">\n\t\t\t\t\t\t\t\t\tinfo@ong3asc.org\t\t\t\t\t\t\t\t<\/a>\n\t\t\t\t\t\t\t\n\t\t\t\t\t\t\t\t\t\t\t\t\t<\/span>\n\t\t\t\t\t<\/div>\n\t\t\t\t\t\t\t\t\t<\/div>\n\t\t\t\t\t\t<\/div>\n<\/div>\t\t\t\t<\/div>\n\t\t\t\t<\/div>\n\t\t\t\t\t<\/div>\n\t\t<\/div>\n\t\t\t\t<div class=\"elementor-column elementor-col-33 elementor-inner-column elementor-element elementor-element-fa151d6\" data-id=\"fa151d6\" data-element_type=\"column\" data-e-type=\"column\">\n\t\t\t<div class=\"elementor-widget-wrap elementor-element-populated\">\n\t\t\t\t\t\t<div class=\"elementor-element elementor-element-9a83eb6 elementor-widget elementor-widget-rt-info\" data-id=\"9a83eb6\" data-element_type=\"widget\" data-e-type=\"widget\" data-widget_type=\"rt-info.default\">\n\t\t\t\t<div class=\"elementor-widget-container\">\n\t\t\t\t\t<div class=\"contact-info-default info-style2\">\n\t<div class=\"contact-info\">\n\t\t<div class=\"contact-icon\">\n\t\t\t\t\t\t\t<span class=\"rtin-icon\"><i class=\"fas fa-phone-alt\"><\/i><\/span>\n\t\t\t\t\t<\/div>\n\t\t\t\t\t<h2 class=\"contact-title\">Telephone<\/h2>\n\t\t\t\t  \n\t\t\t\t\t\t\t\t\t\t\t<div class=\"list-item\">\n\t\t\t\t\t\t\t\t\t\t<div class=\"list-content\">\n\t\t\t\t\t\t<span>\n\t\t\t\t\t\t\t\t\t\t\t\t\t\t\t<a href=\"tel:(00228) 93 80 81 94\">\n\t\t\t\t\t\t\t\t\t(00228) 93 80 81 94\t\t\t\t\t\t\t\t<\/a>\n\t\t\t\t\t\t\t\n\t\t\t\t\t\t\t\t\t\t\t\t\t<\/span>\n\t\t\t\t\t<\/div>\n\t\t\t\t\t\t\t\t\t<\/div>\n\t\t\t\t\t\t\t\t\t\t\t<div class=\"list-item\">\n\t\t\t\t\t\t\t\t\t\t<div class=\"list-content\">\n\t\t\t\t\t\t<span>\n\t\t\t\t\t\t\t\t\t\t\t\t\t\t\t<a href=\"tel:(00228) 22 71 94 78\">\n\t\t\t\t\t\t\t\t\t(00228) 22 71 94 78\t\t\t\t\t\t\t\t<\/a>\n\t\t\t\t\t\t\t\n\t\t\t\t\t\t\t\t\t\t\t\t\t<\/span>\n\t\t\t\t\t<\/div>\n\t\t\t\t\t\t\t\t\t<\/div>\n\t\t\t\t\t\t<\/div>\n<\/div>\t\t\t\t<\/div>\n\t\t\t\t<\/div>\n\t\t\t\t\t<\/div>\n\t\t<\/div>\n\t\t\t\t<div class=\"elementor-column elementor-col-33 elementor-inner-column elementor-element elementor-element-9099929\" data-id=\"9099929\" data-element_type=\"column\" data-e-type=\"column\">\n\t\t\t<div class=\"elementor-widget-wrap elementor-element-populated\">\n\t\t\t\t\t\t<div class=\"elementor-element elementor-element-e4a9d66 elementor-widget elementor-widget-rt-info\" data-id=\"e4a9d66\" data-element_type=\"widget\" data-e-type=\"widget\" data-widget_type=\"rt-info.default\">\n\t\t\t\t<div class=\"elementor-widget-container\">\n\t\t\t\t\t<div class=\"contact-info-default info-style2\">\n\t<div class=\"contact-info\">\n\t\t<div class=\"contact-icon\">\n\t\t\t\t\t\t\t<span class=\"rtin-icon\"><i class=\"fas fa-map-marker-alt\"><\/i><\/span>\n\t\t\t\t\t<\/div>\n\t\t\t\t\t<h2 class=\"contact-title\">Address<\/h2>\n\t\t\t\t  \n\t\t\t\t\t\t\t\t\t\t\t<div class=\"list-item\">\n\t\t\t\t\t\t\t\t\t\t<div class=\"list-content\">\n\t\t\t\t\t\t<span>\n\t\t\t\t\t\t\t\t\t\t\t\t\t\t\tRond-Point Port Autonome de Lom\u00e9, Place des 4 \u00e9toiles, 06 BP 61088 Lom\u00e9 06 LOME\t\t\t\t\t\t\t\t\t\t\t\t\t<\/span>\n\t\t\t\t\t<\/div>\n\t\t\t\t\t\t\t\t\t<\/div>\n\t\t\t\t\t\t<\/div>\n<\/div>\t\t\t\t<\/div>\n\t\t\t\t<\/div>\n\t\t\t\t\t<\/div>\n\t\t<\/div>\n\t\t\t\t\t<\/div>\n\t\t<\/section>\n\t\t\t\t\t<\/div>\n\t\t<\/div>\n\t\t\t\t\t<\/div>\n\t\t<\/section>\n\t\t\t\t<\/div>","protected":false},"excerpt":{"rendered":"<p>E-mail pour information info@ong3asc.org T\u00e9l\u00e9phone (00228) 93 80 81 94 (00228) 22 71 94 78 Adresse Rond-Point Port Autonome de Lom\u00e9, Place des 4 \u00e9toiles, 06 BP 61088 Lom\u00e9 06 LOME<\/p>","protected":false},"author":1,"featured_media":7895,"parent":0,"menu_order":0,"comment_status":"closed","ping_status":"closed","template":"elementor_header_footer","meta":{"footnotes":""},"class_list":["post-4635","page","type-page","status-publish","has-post-thumbnail","hentry"],"_links":{"self":[{"href":"https:\/\/test.ong3asc.org\/en\/wp-json\/wp\/v2\/pages\/4635","targetHints":{"allow":["GET"]}}],"collection":[{"href":"https:\/\/test.ong3asc.org\/en\/wp-json\/wp\/v2\/pages"}],"about":[{"href":"https:\/\/test.ong3asc.org\/en\/wp-json\/wp\/v2\/types\/page"}],"author":[{"embeddable":true,"href":"https:\/\/test.ong3asc.org\/en\/wp-json\/wp\/v2\/users\/1"}],"replies":[{"embeddable":true,"href":"https:\/\/test.ong3asc.org\/en\/wp-json\/wp\/v2\/comments?post=4635"}],"version-history":[{"count":29,"href":"https:\/\/test.ong3asc.org\/en\/wp-json\/wp\/v2\/pages\/4635\/revisions"}],"predecessor-version":[{"id":8320,"href":"https:\/\/test.ong3asc.org\/en\/wp-json\/wp\/v2\/pages\/4635\/revisions\/8320"}],"wp:featuredmedia":[{"embeddable":true,"href":"https:\/\/test.ong3asc.org\/en\/wp-json\/wp\/v2\/media\/7895"}],"wp:attachment":[{"href":"https:\/\/test.ong3asc.org\/en\/wp-json\/wp\/v2\/media?parent=4635"}],"curies":[{"name":"wp","href":"https:\/\/api.w.org\/{rel}","templated":true}]}}